{"id":3749,"date":"2025-10-06T20:37:13","date_gmt":"2025-10-06T23:37:13","guid":{"rendered":"https:\/\/ctbros.com.ar\/?page_id=3749"},"modified":"2025-10-13T16:48:42","modified_gmt":"2025-10-13T19:48:42","slug":"contaduria","status":"publish","type":"page","link":"https:\/\/ctbros.com.ar\/?page_id=3749","title":{"rendered":"Contadur\u00eda"},"content":{"rendered":"<div class=\"wpb-content-wrapper\"><p>[vc_row][vc_column][vc_column_text css=&#8221;&#8221;]<\/p>\n<h1><span style=\"color: #008895;\"><i class=\"fa fa-solid fa-pen-to-square \" ><\/i> Contadur\u00eda<\/span><\/h1>\n<p>[\/vc_column_text][vc_column_text css=&#8221;&#8221;]<style>.wp-show-posts-columns#wpsp-3763 {margin-left: -2em; }.wp-show-posts-columns#wpsp-3763 .wp-show-posts-inner {margin: 0 0 2em 2em; }<\/style><section id=\"wpsp-3763\" class=\" wp-show-posts\" style=\"\"><article class=\" wp-show-posts-single wpsp-clearfix post-3778 post type-post status-publish format-standard has-post-thumbnail hentry category-contaduria\" itemtype=\"http:\/\/schema.org\/CreativeWork\" itemscope><div class=\"wp-show-posts-inner\" style=\"\">\t\t\t\t\t\t<header class=\"wp-show-posts-entry-header\">\n\t\t\t\t\t\t\t<h2 class=\"wp-show-posts-entry-title\" itemprop=\"headline\"><a href=\"https:\/\/ctbros.com.ar\/?p=3778\" rel=\"bookmark\">Comprobante por los ingresos liquidados CTB<\/a><\/h2><div class=\"wp-show-posts-entry-meta wp-show-posts-entry-meta-below-title post-meta-inline\"><span class=\"wp-show-posts-posted-on wp-show-posts-meta\">\n\t\t\t\t\t<a href=\"https:\/\/ctbros.com.ar\/?p=3778\" title=\"4:41 pm\" rel=\"bookmark\"><time class=\"wp-show-posts-entry-date published\" datetime=\"2025-10-13T16:41:50-03:00\" itemprop=\"datePublished\">13 octubre, 2025<\/time><time class=\"wp-show-posts-updated\" datetime=\"2025-10-13T16:43:10-03:00\" itemprop=\"dateModified\">13 octubre, 2025<\/time><\/a>\n\t\t\t\t<\/span><\/div>\t\t\t\t\t\t<\/header><!-- .entry-header -->\n\t\t\t\t\t\t\t\t\t\t\t<div class=\"wp-show-posts-entry-summary\" itemprop=\"text\">\n\t\t\t\t\t\t\t<p>Ante las nuevas normas impositivas referente a la presentaci\u00f3n de las DDJJ del IVA los asociados deber\u00e1n cumplir con la emisi\u00f3n del correspondiente comprobante electr\u00f3nico por los ingresos liquidados por&#8230;<\/p>\n\t\t\t\t\t\t<\/div><!-- .entry-summary -->\n\t\t\t\t\t<div class=\"wpsp-read-more\"><a title=\"Comprobante por los ingresos liquidados CTB\" class=\"wp-show-posts-read-more\" href=\"https:\/\/ctbros.com.ar\/?p=3778\">Leer M\u00e1s<\/a><\/div><\/div><!-- wp-show-posts-inner --><div class=\"wpsp-clear\"><\/div><\/article><\/section><!-- .wp-show-posts -->[\/vc_column_text][vc_empty_space height=&#8221;128&#8243;][\/vc_column][\/vc_row][vc_row][vc_column][\/vc_column][\/vc_row]<\/p>\n<\/div>","protected":false},"excerpt":{"rendered":"<p>[vc_row][vc_column][vc_column_text css=&#8221;&#8221;] Contadur\u00eda [\/vc_column_text][vc_column_text css=&#8221;&#8221;][\/vc_column_text][vc_empty_space height=&#8221;128&#8243;][\/vc_column][\/vc_row][vc_row][vc_column][\/vc_column][\/vc_row]<\/p>\n","protected":false},"author":3,"featured_media":-1,"parent":0,"menu_order":0,"comment_status":"closed","ping_status":"closed","template":"","meta":{"footnotes":""},"class_list":["post-3749","page","type-page","status-publish","has-post-thumbnail","hentry"],"_links":{"self":[{"href":"https:\/\/ctbros.com.ar\/index.php?rest_route=\/wp\/v2\/pages\/3749","targetHints":{"allow":["GET"]}}],"collection":[{"href":"https:\/\/ctbros.com.ar\/index.php?rest_route=\/wp\/v2\/pages"}],"about":[{"href":"https:\/\/ctbros.com.ar\/index.php?rest_route=\/wp\/v2\/types\/page"}],"author":[{"embeddable":true,"href":"https:\/\/ctbros.com.ar\/index.php?rest_route=\/wp\/v2\/users\/3"}],"replies":[{"embeddable":true,"href":"https:\/\/ctbros.com.ar\/index.php?rest_route=%2Fwp%2Fv2%2Fcomments&post=3749"}],"version-history":[{"count":10,"href":"https:\/\/ctbros.com.ar\/index.php?rest_route=\/wp\/v2\/pages\/3749\/revisions"}],"predecessor-version":[{"id":3782,"href":"https:\/\/ctbros.com.ar\/index.php?rest_route=\/wp\/v2\/pages\/3749\/revisions\/3782"}],"wp:featuredmedia":[{"embeddable":true,"href":"https:\/\/ctbros.com.ar\/index.php?rest_route=\/"}],"wp:attachment":[{"href":"https:\/\/ctbros.com.ar\/index.php?rest_route=%2Fwp%2Fv2%2Fmedia&parent=3749"}],"curies":[{"name":"wp","href":"https:\/\/api.w.org\/{rel}","templated":true}]}}